{"id":560,"date":"2021-02-10T23:57:00","date_gmt":"2021-02-10T16:57:00","guid":{"rendered":"http:\/\/protect21.net\/?page_id=560"},"modified":"2021-02-16T18:13:59","modified_gmt":"2021-02-16T11:13:59","slug":"english-act-with-us","status":"publish","type":"page","link":"https:\/\/protect21.net\/index.php\/english-act-with-us\/","title":{"rendered":"THAM GIA"},"content":{"rendered":"<p>[vc_row css_animation=&#8221;&#8221; row_type=&#8221;row&#8221; use_row_as_full_screen_section=&#8221;no&#8221; type=&#8221;full_width&#8221; angled_section=&#8221;no&#8221; text_align=&#8221;left&#8221; background_image_as_pattern=&#8221;without_pattern&#8221;][vc_column][vc_empty_space height=&#8221;150px&#8221;][vc_column_text]<\/p>\n<h2 style=\"text-align: center;\">THAM GIA<\/h2>\n<p>[\/vc_column_text][vc_separator type=&#8221;small&#8221; position=&#8221;center&#8221;][vc_empty_space height=&#8221;60px&#8221;][vc_column_text]<\/p>\n<p style=\"text-align: center;\">Ch\u00fang t\u00f4i s\u1ebd kh\u00f4ng th\u1ec3 th\u00e0nh c\u00f4ng n\u1ebfu kh\u00f4ng c\u00f3 s\u1ef1 g\u00f3p s\u1ee9c c\u1ee7a c\u00e1c b\u1ea1n.<\/p>\n<p style=\"text-align: center;\">C\u00f3 r\u1ea5t nhi\u1ec1u c\u00e1ch b\u1ea1n c\u00f3 th\u1ec3 h\u00e0nh \u0111\u1ed9ng tr\u01b0\u1edbc nh\u1eefng nguy c\u01a1 t\u1eeb th\u1ebf gi\u1edbi k\u1ef9 thu\u1eadt s\u1ed1 v\u00e0 c\u00f4ng ngh\u1ec7 m\u1edbi:<\/p>\n<p>[\/vc_column_text][vc_empty_space]<blockquote class=' with_quote_icon' style=''><i class='fa fa-quote-right' style=''><\/i><h5 class='blockquote-text' style='color: #0fa7b2;'>H\u00e3y tr\u1edf th\u00e0nh m\u1ed9t ng\u01b0\u1eddi d\u00f9ng hi\u1ec3u bi\u1ebft v\u00e0 c\u00f3 v\u0103n h\u00f3a tr\u00ean kh\u00f4ng gian internet.<\/h5><\/blockquote>[vc_empty_space]<blockquote class=' with_quote_icon' style=''><i class='fa fa-quote-right' style=''><\/i><h5 class='blockquote-text' style='color: #0fa7b2;'>H\u00e3y truy\u1ec1n th\u00f4ng \u0111i\u1ec7p v\u00e0 kinh nhi\u1ec7m s\u1eed d\u1ee5ng thi\u1ebft b\u1ecb \u0111i\u1ec7n t\u1eed th\u00f4ng minh v\u00e0 m\u1ea1ng internet cho nh\u1eefng ng\u01b0\u1eddi xung quanh b\u1ea1n, tr\u01b0\u1edbc ti\u00ean \u0111\u00f3 l\u00e0 gia \u0111\u00ecnh v\u00e0 b\u1ea1n b\u00e8 c\u1ee7a b\u1ea1n.<\/h5><\/blockquote>[vc_empty_space]<blockquote class=' with_quote_icon' style=''><i class='fa fa-quote-right' style=''><\/i><h5 class='blockquote-text' style='color: #0fa7b2;'>Tr\u1edf th\u00e0nh \u0111\u1ed1i t\u00e1c c\u1ee7a ch\u00fang t\u00f4i n\u1ebfu b\u1ea1n l\u00e0 c\u00e1c t\u1ed5 ch\u1ee9c v\u00e0 doanh nghi\u1ec7p<br \/>\n+ H\u1ee3p t\u00e1c c\u00f9ng ch\u00fang t\u00f4i cho nh\u1eefng ch\u01b0\u01a1ng tr\u00ecnh ho\u1ea1t \u0111\u1ed9ng x\u00e3 h\u1ed9i li\u00ean quan<br \/>\n+ H\u1ee3p t\u00e1c v\u1edbi ch\u00fang t\u00f4i \u0111\u1ec3 x\u00e2y d\u1ef1ng m\u1ed9t m\u00f4i tr\u01b0\u1eddng kinh doanh v\u0103n minh v\u00e0 c\u00f3 tr\u00e1ch nhi\u1ec7m v\u1edbi x\u00e3 h\u1ed9i tr\u00ean m\u1ea1ng internet.<br \/>\n+ Ho\u1ea1t \u0111\u1ed9ng g\u00e2y qu\u1ef9 \u0111\u1ec3 ph\u00e1t tri\u1ec3n c\u00e1c d\u1ef1 \u00e1n truy\u1ec1n th\u00f4ng<br \/>\nH\u00e3y email cho ch\u00fang t\u00f4i n\u1ebfu b\u1ea1n c\u00f3 nh\u00e3 \u00fd h\u1ee3p t\u00e1c!<\/h5><\/blockquote>[vc_empty_space]<blockquote class=' with_quote_icon' style=''><i class='fa fa-quote-right' style=''><\/i><h5 class='blockquote-text' style='color: #0fa7b2;'>Tham gia c\u00e1c d\u1ef1 \u00e1n c\u1ee7a ch\u00fang t\u00f4i \u0111\u1ec3 th\u00f4ng \u0111i\u1ec7p x\u00e3 h\u1ed9i \u0111\u01b0\u1ee3c \u0111i xa h\u01a1n<br \/>\n+ H\u1ee3p t\u00e1c x\u00e2y d\u1ef1ng c\u00e1c chi\u1ebfn d\u1ecbch truy\u1ec1n th\u00f4ng s\u00e1ng t\u1ea1o<br \/>\n+ H\u1ee3p t\u00e1c s\u00e1ng t\u00e1c c\u00e1c t\u00e1c ph\u1ea9m ngh\u1ec7 thu\u1eadt<br \/>\n+ H\u1ee3p t\u00e1c c\u00e1c ho\u1ea1t \u0111\u1ed9ng c\u1ed9ng \u0111\u1ed3ng<\/h5><\/blockquote>[vc_empty_space height=&#8221;60px&#8221;]<blockquote class=' with_quote_icon' style=''><i class='fa fa-quote-right' style=''><\/i><h5 class='blockquote-text' style='color: #0fa7b2;'>\u0110\u0103ng k\u00fd tr\u1edf th\u00e0nh t\u00ecnh nguy\u1ec7n vi\u00ean<br \/>\nH\u00e3y tham gia c\u00f9ng ch\u00fang t\u00f4i b\u1eb1ng c\u00e1ch tr\u1edf th\u00e0nh c\u00e1c t\u00ecnh nguy\u1ec7n vi\u00ean t\u00edch c\u1ef1c.<\/h5><\/blockquote>[vc_column_text]<\/p>\n<p style=\"text-align: center;\"><a href=\"https:\/\/drive.google.com\/file\/d\/1jd39WAiAi1Z5SoFyZs9BP0e8DaEd0-A-\/view?usp=sharing\">M\u1eddi c\u00e1c b\u1ea1n <strong>t\u1ea3i<\/strong> v\u00e0 \u0111i\u1ec1n v\u00e0o m\u1eabu \u0111\u0103ng k\u00fd t\u00ecnh nguy\u1ec7n vi\u00ean, g\u1eedi v\u1ec1 email c\u1ee7a ch\u00fang t\u00f4i.<\/a><\/p>\n<p style=\"text-align: center;\"><a href=\"mailto:Protect21st@gmail.com\">Protect21st@gmail.com<\/a><\/p>\n<p>[\/vc_column_text][vc_empty_space height=&#8221;100px&#8221;][\/vc_column][\/vc_row]<\/p>\n","protected":false},"excerpt":{"rendered":"<p>[vc_row css_animation=&#8221;&#8221; row_type=&#8221;row&#8221; use_row_as_full_screen_section=&#8221;no&#8221; type=&#8221;full_width&#8221; angled_section=&#8221;no&#8221; text_align=&#8221;left&#8221; background_image_as_pattern=&#8221;without_pattern&#8221;][vc_column][vc_empty_space height=&#8221;150px&#8221;][vc_column_text] THAM GIA [\/vc_column_text][vc_separator type=&#8221;small&#8221; position=&#8221;center&#8221;][vc_empty_space height=&#8221;60px&#8221;][vc_column_text] Ch\u00fang t\u00f4i s\u1ebd kh\u00f4ng th\u1ec3 th\u00e0nh c\u00f4ng n\u1ebfu kh\u00f4ng c\u00f3 s\u1ef1 g\u00f3p s\u1ee9c c\u1ee7a c\u00e1c b\u1ea1n. C\u00f3 r\u1ea5t nhi\u1ec1u c\u00e1ch b\u1ea1n c\u00f3 th\u1ec3 h\u00e0nh \u0111\u1ed9ng tr\u01b0\u1edbc nh\u1eefng nguy c\u01a1 t\u1eeb&#8230;<\/p>\n","protected":false},"author":1,"featured_media":0,"parent":0,"menu_order":0,"comment_status":"closed","ping_status":"closed","template":"","meta":{"footnotes":""},"class_list":["post-560","page","type-page","status-publish","hentry"],"yoast_head":"<!-- This site is optimized with the Yoast SEO plugin v15.8 - https:\/\/yoast.com\/wordpress\/plugins\/seo\/ -->\n<title>THAM GIA - protect21.net<\/title>\n<meta name=\"robots\" content=\"index, follow, max-snippet:-1, max-image-preview:large, max-video-preview:-1\" \/>\n<link rel=\"canonical\" href=\"https:\/\/protect21.net\/index.php\/english-act-with-us\/\" \/>\n<meta property=\"og:locale\" content=\"vi_VN\" \/>\n<meta property=\"og:type\" content=\"article\" \/>\n<meta property=\"og:title\" content=\"THAM GIA - protect21.net\" \/>\n<meta property=\"og:description\" content=\"[vc_row css_animation=&#8221;&#8221; row_type=&#8221;row&#8221; use_row_as_full_screen_section=&#8221;no&#8221; type=&#8221;full_width&#8221; angled_section=&#8221;no&#8221; text_align=&#8221;left&#8221; background_image_as_pattern=&#8221;without_pattern&#8221;][vc_column][vc_empty_space height=&#8221;150px&#8221;][vc_column_text] THAM GIA [\/vc_column_text][vc_separator type=&#8221;small&#8221; position=&#8221;center&#8221;][vc_empty_space height=&#8221;60px&#8221;][vc_column_text] Ch\u00fang t\u00f4i s\u1ebd kh\u00f4ng th\u1ec3 th\u00e0nh c\u00f4ng n\u1ebfu kh\u00f4ng c\u00f3 s\u1ef1 g\u00f3p s\u1ee9c c\u1ee7a c\u00e1c b\u1ea1n. C\u00f3 r\u1ea5t nhi\u1ec1u c\u00e1ch b\u1ea1n c\u00f3 th\u1ec3 h\u00e0nh \u0111\u1ed9ng tr\u01b0\u1edbc nh\u1eefng nguy c\u01a1 t\u1eeb...\" \/>\n<meta property=\"og:url\" content=\"https:\/\/protect21.net\/index.php\/english-act-with-us\/\" \/>\n<meta property=\"og:site_name\" content=\"protect21.net\" \/>\n<meta property=\"article:modified_time\" content=\"2021-02-16T11:13:59+00:00\" \/>\n<meta property=\"og:image\" content=\"https:\/\/protect21.net\/wp-content\/uploads\/2018\/01\/11.e.jpg\" \/>\n\t<meta property=\"og:image:width\" content=\"550\" \/>\n\t<meta property=\"og:image:height\" content=\"550\" \/>\n<meta name=\"twitter:card\" content=\"summary_large_image\" \/>\n<meta name=\"twitter:label1\" content=\"Est. reading time\">\n\t<meta name=\"twitter:data1\" content=\"3 ph\u00fat\">\n<script type=\"application\/ld+json\" class=\"yoast-schema-graph\">{\"@context\":\"https:\/\/schema.org\",\"@graph\":[{\"@type\":\"WebSite\",\"@id\":\"https:\/\/protect21.net\/#website\",\"url\":\"https:\/\/protect21.net\/\",\"name\":\"protect21.net\",\"description\":\"A social project for the 21st Century\",\"potentialAction\":[{\"@type\":\"SearchAction\",\"target\":\"https:\/\/protect21.net\/?s={search_term_string}\",\"query-input\":\"required name=search_term_string\"}],\"inLanguage\":\"vi\"},{\"@type\":\"WebPage\",\"@id\":\"https:\/\/protect21.net\/index.php\/english-act-with-us\/#webpage\",\"url\":\"https:\/\/protect21.net\/index.php\/english-act-with-us\/\",\"name\":\"THAM GIA - protect21.net\",\"isPartOf\":{\"@id\":\"https:\/\/protect21.net\/#website\"},\"datePublished\":\"2021-02-10T16:57:00+00:00\",\"dateModified\":\"2021-02-16T11:13:59+00:00\",\"breadcrumb\":{\"@id\":\"https:\/\/protect21.net\/index.php\/english-act-with-us\/#breadcrumb\"},\"inLanguage\":\"vi\",\"potentialAction\":[{\"@type\":\"ReadAction\",\"target\":[\"https:\/\/protect21.net\/index.php\/english-act-with-us\/\"]}]},{\"@type\":\"BreadcrumbList\",\"@id\":\"https:\/\/protect21.net\/index.php\/english-act-with-us\/#breadcrumb\",\"itemListElement\":[{\"@type\":\"ListItem\",\"position\":1,\"item\":{\"@type\":\"WebPage\",\"@id\":\"https:\/\/protect21.net\/\",\"url\":\"https:\/\/protect21.net\/\",\"name\":\"Trang ch\\u1ee7\"}},{\"@type\":\"ListItem\",\"position\":2,\"item\":{\"@type\":\"WebPage\",\"@id\":\"https:\/\/protect21.net\/index.php\/english-act-with-us\/\",\"url\":\"https:\/\/protect21.net\/index.php\/english-act-with-us\/\",\"name\":\"THAM GIA\"}}]}]}<\/script>\n<!-- \/ Yoast SEO plugin. -->","_links":{"self":[{"href":"https:\/\/protect21.net\/index.php\/wp-json\/wp\/v2\/pages\/560","targetHints":{"allow":["GET"]}}],"collection":[{"href":"https:\/\/protect21.net\/index.php\/wp-json\/wp\/v2\/pages"}],"about":[{"href":"https:\/\/protect21.net\/index.php\/wp-json\/wp\/v2\/types\/page"}],"author":[{"embeddable":true,"href":"https:\/\/protect21.net\/index.php\/wp-json\/wp\/v2\/users\/1"}],"replies":[{"embeddable":true,"href":"https:\/\/protect21.net\/index.php\/wp-json\/wp\/v2\/comments?post=560"}],"version-history":[{"count":13,"href":"https:\/\/protect21.net\/index.php\/wp-json\/wp\/v2\/pages\/560\/revisions"}],"predecessor-version":[{"id":681,"href":"https:\/\/protect21.net\/index.php\/wp-json\/wp\/v2\/pages\/560\/revisions\/681"}],"wp:attachment":[{"href":"https:\/\/protect21.net\/index.php\/wp-json\/wp\/v2\/media?parent=560"}],"curies":[{"name":"wp","href":"https:\/\/api.w.org\/{rel}","templated":true}]}}