{"id":306,"date":"2021-01-28T15:26:44","date_gmt":"2021-01-28T08:26:44","guid":{"rendered":"http:\/\/protect21.net\/?page_id=306"},"modified":"2021-09-21T16:12:55","modified_gmt":"2021-09-21T09:12:55","slug":"workshop01","status":"publish","type":"page","link":"https:\/\/protect21.net\/index.php\/workshop01\/","title":{"rendered":"WORKSHOP"},"content":{"rendered":"<p>[vc_row css_animation=&#8221;&#8221; row_type=&#8221;row&#8221; use_row_as_full_screen_section=&#8221;no&#8221; type=&#8221;full_width&#8221; angled_section=&#8221;no&#8221; text_align=&#8221;left&#8221; background_image_as_pattern=&#8221;without_pattern&#8221;][vc_column][vc_empty_space height=&#8221;100px&#8221;][vc_column_text]<\/p>\n<h2 style=\"text-align: center;\">WORKSHOP<\/h2>\n<p>[\/vc_column_text][vc_separator type=&#8221;small&#8221; position=&#8221;center&#8221;][vc_empty_space][vc_column_text]Ch\u00fang t\u00f4i \u0111\u00e3 v\u00e0 s\u1ebd t\u1ed5 ch\u1ee9c c\u00e1c workshop li\u00ean quan \u0111\u1ebfn c\u00e1c chi\u1ebfn d\u1ecbch x\u00e3 h\u1ed9i t\u1ea1i c\u00e1c c\u00e1c \u0111\u1ecba \u0111i\u1ec3m kh\u00e1c nhau \u1edf Vi\u1ec7t Nam c\u0169ng nh\u01b0ng tr\u00ean th\u1ebf gi\u1edbi.<\/p>\n<p>Hi\u1ec7n t\u1ea1i do t\u00ecnh h\u00ecnh \u0111\u1ea1i d\u1ecbch Covid-19 n\u00ean m\u1ecdi k\u1ebf ho\u1ea1ch workshop c\u1ee7a ch\u00fang t\u00f4i \u0111\u1ec1u ph\u1ea3i th\u1ef1c hi\u1ec7n tr\u1ef1c tuy\u1ebfn.[\/vc_column_text][vc_empty_space][vc_separator type=&#8221;small&#8221; position=&#8221;center&#8221;][vc_empty_space][vc_column_text]<strong>M\u1ed8T S\u1ed0 WORKSHOP TI\u00caU BI\u1ec2U C\u1ee6A CH\u00daNG T\u00d4I TRONG TH\u1edcI GIAN G\u1ea6N \u0110\u00c2Y<\/strong>[\/vc_column_text][vc_separator type=&#8221;normal&#8221;][vc_column_text]<strong>T\u00ean workshop\u00a0<\/strong> Protect21 &#8211; Decolonising cyberspace<\/p>\n<p><strong>Th\u1eddi gian<\/strong> Th\u00e1ng 6 n\u0103m 2021<\/p>\n<p><strong>\u0110\u1ecba \u0111i\u1ec3m<\/strong> Budapest, Hungary<\/p>\n<p><strong>H\u00ecnh th\u1ee9c<\/strong> Tr\u1ef1c tuy\u1ebfn[\/vc_column_text][vc_empty_space][vc_single_image image=&#8221;814&#8243; img_size=&#8221;full&#8221; alignment=&#8221;center&#8221; qode_css_animation=&#8221;&#8221;][vc_empty_space][vc_separator type=&#8221;normal&#8221;][vc_column_text]<strong>T\u00ean workshop\u00a0<\/strong> Protect21 &#8211; Decolonising cyberspace<\/p>\n<p><strong>Th\u1eddi gian<\/strong> Th\u00e1ng 5 n\u0103m 2021<\/p>\n<p><strong>\u0110\u1ecba \u0111i\u1ec3m<\/strong> Budapest, Hungary<\/p>\n<p><strong>H\u00ecnh th\u1ee9c<\/strong> Tr\u1ef1c tuy\u1ebfn[\/vc_column_text][vc_empty_space][vc_single_image image=&#8221;815&#8243; img_size=&#8221;full&#8221; alignment=&#8221;center&#8221; qode_css_animation=&#8221;&#8221;][vc_empty_space][vc_separator type=&#8221;normal&#8221;][vc_column_text]<strong>T\u00ean workshop\u00a0<\/strong> Protect21 &#8211; Decolonising cyberspace<\/p>\n<p><strong>Th\u1eddi gian<\/strong> Th\u00e1ng 4 n\u0103m 2021<\/p>\n<p><strong>\u0110\u1ecba \u0111i\u1ec3m<\/strong> Budapest, Hungary<\/p>\n<p><strong>H\u00ecnh th\u1ee9c<\/strong> Tr\u1ef1c tuy\u1ebfn[\/vc_column_text][vc_empty_space][vc_single_image image=&#8221;810&#8243; img_size=&#8221;full&#8221; alignment=&#8221;center&#8221; qode_css_animation=&#8221;&#8221;][vc_empty_space][vc_separator type=&#8221;normal&#8221;][vc_row_inner row_type=&#8221;row&#8221; type=&#8221;full_width&#8221; text_align=&#8221;left&#8221; css_animation=&#8221;&#8221;][vc_column_inner][\/vc_column_inner][\/vc_row_inner][\/vc_column][\/vc_row]<\/p>\n","protected":false},"excerpt":{"rendered":"<p>[vc_row css_animation=&#8221;&#8221; row_type=&#8221;row&#8221; use_row_as_full_screen_section=&#8221;no&#8221; type=&#8221;full_width&#8221; angled_section=&#8221;no&#8221; text_align=&#8221;left&#8221; background_image_as_pattern=&#8221;without_pattern&#8221;][vc_column][vc_empty_space height=&#8221;100px&#8221;][vc_column_text] WORKSHOP [\/vc_column_text][vc_separator type=&#8221;small&#8221; position=&#8221;center&#8221;][vc_empty_space][vc_column_text]Ch\u00fang t\u00f4i \u0111\u00e3 v\u00e0 s\u1ebd t\u1ed5 ch\u1ee9c c\u00e1c workshop li\u00ean quan \u0111\u1ebfn c\u00e1c chi\u1ebfn d\u1ecbch x\u00e3 h\u1ed9i t\u1ea1i c\u00e1c c\u00e1c \u0111\u1ecba \u0111i\u1ec3m kh\u00e1c nhau \u1edf Vi\u1ec7t Nam c\u0169ng nh\u01b0ng tr\u00ean th\u1ebf gi\u1edbi. Hi\u1ec7n&#8230;<\/p>\n","protected":false},"author":1,"featured_media":0,"parent":0,"menu_order":0,"comment_status":"closed","ping_status":"closed","template":"","meta":{"footnotes":""},"class_list":["post-306","page","type-page","status-publish","hentry"],"yoast_head":"<!-- This site is optimized with the Yoast SEO plugin v15.8 - https:\/\/yoast.com\/wordpress\/plugins\/seo\/ -->\n<title>WORKSHOP - protect21.net<\/title>\n<meta name=\"robots\" content=\"index, follow, max-snippet:-1, max-image-preview:large, max-video-preview:-1\" \/>\n<link rel=\"canonical\" href=\"https:\/\/protect21.net\/index.php\/workshop01\/\" \/>\n<meta property=\"og:locale\" content=\"vi_VN\" \/>\n<meta property=\"og:type\" content=\"article\" \/>\n<meta property=\"og:title\" content=\"WORKSHOP - protect21.net\" \/>\n<meta property=\"og:description\" content=\"[vc_row css_animation=&#8221;&#8221; row_type=&#8221;row&#8221; use_row_as_full_screen_section=&#8221;no&#8221; type=&#8221;full_width&#8221; angled_section=&#8221;no&#8221; text_align=&#8221;left&#8221; background_image_as_pattern=&#8221;without_pattern&#8221;][vc_column][vc_empty_space height=&#8221;100px&#8221;][vc_column_text] WORKSHOP [\/vc_column_text][vc_separator type=&#8221;small&#8221; position=&#8221;center&#8221;][vc_empty_space][vc_column_text]Ch\u00fang t\u00f4i \u0111\u00e3 v\u00e0 s\u1ebd t\u1ed5 ch\u1ee9c c\u00e1c workshop li\u00ean quan \u0111\u1ebfn c\u00e1c chi\u1ebfn d\u1ecbch x\u00e3 h\u1ed9i t\u1ea1i c\u00e1c c\u00e1c \u0111\u1ecba \u0111i\u1ec3m kh\u00e1c nhau \u1edf Vi\u1ec7t Nam c\u0169ng nh\u01b0ng tr\u00ean th\u1ebf gi\u1edbi. Hi\u1ec7n...\" \/>\n<meta property=\"og:url\" content=\"https:\/\/protect21.net\/index.php\/workshop01\/\" \/>\n<meta property=\"og:site_name\" content=\"protect21.net\" \/>\n<meta property=\"article:modified_time\" content=\"2021-09-21T09:12:55+00:00\" \/>\n<meta property=\"og:image\" content=\"https:\/\/protect21.net\/wp-content\/uploads\/2018\/01\/11.e.jpg\" \/>\n\t<meta property=\"og:image:width\" content=\"550\" \/>\n\t<meta property=\"og:image:height\" content=\"550\" \/>\n<meta name=\"twitter:card\" content=\"summary_large_image\" \/>\n<meta name=\"twitter:label1\" content=\"Est. reading time\">\n\t<meta name=\"twitter:data1\" content=\"1 ph\u00fat\">\n<script type=\"application\/ld+json\" class=\"yoast-schema-graph\">{\"@context\":\"https:\/\/schema.org\",\"@graph\":[{\"@type\":\"WebSite\",\"@id\":\"https:\/\/protect21.net\/#website\",\"url\":\"https:\/\/protect21.net\/\",\"name\":\"protect21.net\",\"description\":\"A social project for the 21st Century\",\"potentialAction\":[{\"@type\":\"SearchAction\",\"target\":\"https:\/\/protect21.net\/?s={search_term_string}\",\"query-input\":\"required name=search_term_string\"}],\"inLanguage\":\"vi\"},{\"@type\":\"WebPage\",\"@id\":\"https:\/\/protect21.net\/index.php\/workshop01\/#webpage\",\"url\":\"https:\/\/protect21.net\/index.php\/workshop01\/\",\"name\":\"WORKSHOP - protect21.net\",\"isPartOf\":{\"@id\":\"https:\/\/protect21.net\/#website\"},\"datePublished\":\"2021-01-28T08:26:44+00:00\",\"dateModified\":\"2021-09-21T09:12:55+00:00\",\"breadcrumb\":{\"@id\":\"https:\/\/protect21.net\/index.php\/workshop01\/#breadcrumb\"},\"inLanguage\":\"vi\",\"potentialAction\":[{\"@type\":\"ReadAction\",\"target\":[\"https:\/\/protect21.net\/index.php\/workshop01\/\"]}]},{\"@type\":\"BreadcrumbList\",\"@id\":\"https:\/\/protect21.net\/index.php\/workshop01\/#breadcrumb\",\"itemListElement\":[{\"@type\":\"ListItem\",\"position\":1,\"item\":{\"@type\":\"WebPage\",\"@id\":\"https:\/\/protect21.net\/\",\"url\":\"https:\/\/protect21.net\/\",\"name\":\"Trang ch\\u1ee7\"}},{\"@type\":\"ListItem\",\"position\":2,\"item\":{\"@type\":\"WebPage\",\"@id\":\"https:\/\/protect21.net\/index.php\/workshop01\/\",\"url\":\"https:\/\/protect21.net\/index.php\/workshop01\/\",\"name\":\"WORKSHOP\"}}]}]}<\/script>\n<!-- \/ Yoast SEO plugin. -->","_links":{"self":[{"href":"https:\/\/protect21.net\/index.php\/wp-json\/wp\/v2\/pages\/306","targetHints":{"allow":["GET"]}}],"collection":[{"href":"https:\/\/protect21.net\/index.php\/wp-json\/wp\/v2\/pages"}],"about":[{"href":"https:\/\/protect21.net\/index.php\/wp-json\/wp\/v2\/types\/page"}],"author":[{"embeddable":true,"href":"https:\/\/protect21.net\/index.php\/wp-json\/wp\/v2\/users\/1"}],"replies":[{"embeddable":true,"href":"https:\/\/protect21.net\/index.php\/wp-json\/wp\/v2\/comments?post=306"}],"version-history":[{"count":16,"href":"https:\/\/protect21.net\/index.php\/wp-json\/wp\/v2\/pages\/306\/revisions"}],"predecessor-version":[{"id":817,"href":"https:\/\/protect21.net\/index.php\/wp-json\/wp\/v2\/pages\/306\/revisions\/817"}],"wp:attachment":[{"href":"https:\/\/protect21.net\/index.php\/wp-json\/wp\/v2\/media?parent=306"}],"curies":[{"name":"wp","href":"https:\/\/api.w.org\/{rel}","templated":true}]}}