{"id":301,"date":"2021-01-28T14:54:40","date_gmt":"2021-01-28T07:54:40","guid":{"rendered":"http:\/\/protect21.net\/?page_id=301"},"modified":"2021-02-16T17:43:15","modified_gmt":"2021-02-16T10:43:15","slug":"hoat-dong-cong-dong","status":"publish","type":"page","link":"https:\/\/protect21.net\/index.php\/hoat-dong-cong-dong\/","title":{"rendered":"C\u1ed8NG \u0110\u1ed2NG"},"content":{"rendered":"<p>[vc_row css_animation=&#8221;&#8221; row_type=&#8221;row&#8221; use_row_as_full_screen_section=&#8221;no&#8221; type=&#8221;full_width&#8221; angled_section=&#8221;no&#8221; text_align=&#8221;left&#8221; background_image_as_pattern=&#8221;without_pattern&#8221;][vc_column][vc_empty_space height=&#8221;100px&#8221;][vc_column_text]<\/p>\n<h2 style=\"text-align: center;\">HO\u1ea0T \u0110\u1ed8NG<\/h2>\n<h4 style=\"text-align: center;\">T\u1ea0I C\u00c1C KHU V\u1ef0C C\u00d4NG C\u1ed8NG<\/h4>\n<p>[\/vc_column_text][vc_separator type=&#8221;small&#8221; position=&#8221;center&#8221;][\/vc_column][\/vc_row][vc_row css_animation=&#8221;&#8221; row_type=&#8221;row&#8221; use_row_as_full_screen_section=&#8221;no&#8221; type=&#8221;full_width&#8221; angled_section=&#8221;no&#8221; text_align=&#8221;left&#8221; background_image_as_pattern=&#8221;without_pattern&#8221;][vc_column][vc_empty_space][vc_column_text]Ch\u00fang t\u00f4i x\u00e2y d\u1ef1ng c\u00e1c ho\u1ea1t \u0111\u1ed9ng truy\u1ec1n th\u00f4ng c\u00f4ng c\u1ed9ng tr\u1ef1c ti\u1ebfp t\u1ea1i c\u00e1c khu v\u1ef1c c\u00f4ng c\u1ed9ng.<\/p>\n<p>Do \u1ea3nh h\u01b0\u1edfng c\u1ee7a \u0111\u1ea1i d\u1ecbch Covid n\u00ean c\u00e1c k\u1ebf ho\u1ea1ch h\u00e0nh \u0111\u1ed9ng t\u1ea1i c\u00e1c khu v\u1ef1c c\u00f4ng c\u1ed9ng \u0111ang b\u1ecb tr\u00ec ho\u00e3n.<\/p>\n<p>Ch\u01b0\u01a1ng tr\u00ecnh v\u00e0 th\u1eddi gian c\u1ee7a c\u00e1c ho\u1ea1t \u0111\u1ed9ng m\u1edbi s\u1ebd s\u1edbm \u0111\u01b0\u1ee3c c\u1eadp nh\u1eadt.[\/vc_column_text][vc_empty_space][\/vc_column][\/vc_row]<\/p>\n","protected":false},"excerpt":{"rendered":"<p>[vc_row css_animation=&#8221;&#8221; row_type=&#8221;row&#8221; use_row_as_full_screen_section=&#8221;no&#8221; type=&#8221;full_width&#8221; angled_section=&#8221;no&#8221; text_align=&#8221;left&#8221; background_image_as_pattern=&#8221;without_pattern&#8221;][vc_column][vc_empty_space height=&#8221;100px&#8221;][vc_column_text] HO\u1ea0T \u0110\u1ed8NG T\u1ea0I C\u00c1C KHU V\u1ef0C C\u00d4NG C\u1ed8NG [\/vc_column_text][vc_separator type=&#8221;small&#8221; position=&#8221;center&#8221;][\/vc_column][\/vc_row][vc_row css_animation=&#8221;&#8221; row_type=&#8221;row&#8221; use_row_as_full_screen_section=&#8221;no&#8221; type=&#8221;full_width&#8221; angled_section=&#8221;no&#8221; text_align=&#8221;left&#8221; background_image_as_pattern=&#8221;without_pattern&#8221;][vc_column][vc_empty_space][vc_column_text]Ch\u00fang t\u00f4i x\u00e2y d\u1ef1ng c\u00e1c ho\u1ea1t \u0111\u1ed9ng truy\u1ec1n th\u00f4ng c\u00f4ng c\u1ed9ng tr\u1ef1c ti\u1ebfp t\u1ea1i c\u00e1c khu v\u1ef1c c\u00f4ng c\u1ed9ng&#8230;.<\/p>\n","protected":false},"author":1,"featured_media":0,"parent":0,"menu_order":0,"comment_status":"closed","ping_status":"closed","template":"","meta":{"footnotes":""},"class_list":["post-301","page","type-page","status-publish","hentry"],"yoast_head":"<!-- This site is optimized with the Yoast SEO plugin v15.8 - https:\/\/yoast.com\/wordpress\/plugins\/seo\/ -->\n<title>C\u1ed8NG \u0110\u1ed2NG - protect21.net<\/title>\n<meta name=\"robots\" content=\"index, follow, max-snippet:-1, max-image-preview:large, max-video-preview:-1\" \/>\n<link rel=\"canonical\" href=\"https:\/\/protect21.net\/index.php\/hoat-dong-cong-dong\/?lang=en\" \/>\n<meta property=\"og:locale\" content=\"vi_VN\" \/>\n<meta property=\"og:type\" content=\"article\" \/>\n<meta property=\"og:title\" content=\"C\u1ed8NG \u0110\u1ed2NG - protect21.net\" \/>\n<meta property=\"og:description\" content=\"[vc_row css_animation=&#8221;&#8221; row_type=&#8221;row&#8221; use_row_as_full_screen_section=&#8221;no&#8221; type=&#8221;full_width&#8221; angled_section=&#8221;no&#8221; text_align=&#8221;left&#8221; background_image_as_pattern=&#8221;without_pattern&#8221;][vc_column][vc_empty_space height=&#8221;100px&#8221;][vc_column_text] HO\u1ea0T \u0110\u1ed8NG T\u1ea0I C\u00c1C KHU V\u1ef0C C\u00d4NG C\u1ed8NG [\/vc_column_text][vc_separator type=&#8221;small&#8221; position=&#8221;center&#8221;][\/vc_column][\/vc_row][vc_row css_animation=&#8221;&#8221; row_type=&#8221;row&#8221; use_row_as_full_screen_section=&#8221;no&#8221; type=&#8221;full_width&#8221; angled_section=&#8221;no&#8221; text_align=&#8221;left&#8221; background_image_as_pattern=&#8221;without_pattern&#8221;][vc_column][vc_empty_space][vc_column_text]Ch\u00fang t\u00f4i x\u00e2y d\u1ef1ng c\u00e1c ho\u1ea1t \u0111\u1ed9ng truy\u1ec1n th\u00f4ng c\u00f4ng c\u1ed9ng tr\u1ef1c ti\u1ebfp t\u1ea1i c\u00e1c khu v\u1ef1c c\u00f4ng c\u1ed9ng....\" \/>\n<meta property=\"og:url\" content=\"https:\/\/protect21.net\/index.php\/hoat-dong-cong-dong\/?lang=en\" \/>\n<meta property=\"og:site_name\" content=\"protect21.net\" \/>\n<meta property=\"article:modified_time\" content=\"2021-02-16T10:43:15+00:00\" \/>\n<meta property=\"og:image\" content=\"https:\/\/protect21.net\/wp-content\/uploads\/2018\/01\/11.e.jpg\" \/>\n\t<meta property=\"og:image:width\" content=\"550\" \/>\n\t<meta property=\"og:image:height\" content=\"550\" \/>\n<meta name=\"twitter:card\" content=\"summary_large_image\" \/>\n<meta name=\"twitter:label1\" content=\"Est. reading time\">\n\t<meta name=\"twitter:data1\" content=\"1 ph\u00fat\">\n<script type=\"application\/ld+json\" class=\"yoast-schema-graph\">{\"@context\":\"https:\/\/schema.org\",\"@graph\":[{\"@type\":\"WebSite\",\"@id\":\"https:\/\/protect21.net\/#website\",\"url\":\"https:\/\/protect21.net\/\",\"name\":\"protect21.net\",\"description\":\"A social project for the 21st Century\",\"potentialAction\":[{\"@type\":\"SearchAction\",\"target\":\"https:\/\/protect21.net\/?s={search_term_string}\",\"query-input\":\"required name=search_term_string\"}],\"inLanguage\":\"vi\"},{\"@type\":\"WebPage\",\"@id\":\"https:\/\/protect21.net\/index.php\/hoat-dong-cong-dong\/?lang=en#webpage\",\"url\":\"https:\/\/protect21.net\/index.php\/hoat-dong-cong-dong\/?lang=en\",\"name\":\"C\\u1ed8NG \\u0110\\u1ed2NG - protect21.net\",\"isPartOf\":{\"@id\":\"https:\/\/protect21.net\/#website\"},\"datePublished\":\"2021-01-28T07:54:40+00:00\",\"dateModified\":\"2021-02-16T10:43:15+00:00\",\"breadcrumb\":{\"@id\":\"https:\/\/protect21.net\/index.php\/hoat-dong-cong-dong\/?lang=en#breadcrumb\"},\"inLanguage\":\"vi\",\"potentialAction\":[{\"@type\":\"ReadAction\",\"target\":[\"https:\/\/protect21.net\/index.php\/hoat-dong-cong-dong\/?lang=en\"]}]},{\"@type\":\"BreadcrumbList\",\"@id\":\"https:\/\/protect21.net\/index.php\/hoat-dong-cong-dong\/?lang=en#breadcrumb\",\"itemListElement\":[{\"@type\":\"ListItem\",\"position\":1,\"item\":{\"@type\":\"WebPage\",\"@id\":\"https:\/\/protect21.net\/\",\"url\":\"https:\/\/protect21.net\/\",\"name\":\"Trang ch\\u1ee7\"}},{\"@type\":\"ListItem\",\"position\":2,\"item\":{\"@type\":\"WebPage\",\"@id\":\"https:\/\/protect21.net\/index.php\/hoat-dong-cong-dong\/?lang=en\",\"url\":\"https:\/\/protect21.net\/index.php\/hoat-dong-cong-dong\/?lang=en\",\"name\":\"C\\u1ed8NG \\u0110\\u1ed2NG\"}}]}]}<\/script>\n<!-- \/ Yoast SEO plugin. -->","_links":{"self":[{"href":"https:\/\/protect21.net\/index.php\/wp-json\/wp\/v2\/pages\/301","targetHints":{"allow":["GET"]}}],"collection":[{"href":"https:\/\/protect21.net\/index.php\/wp-json\/wp\/v2\/pages"}],"about":[{"href":"https:\/\/protect21.net\/index.php\/wp-json\/wp\/v2\/types\/page"}],"author":[{"embeddable":true,"href":"https:\/\/protect21.net\/index.php\/wp-json\/wp\/v2\/users\/1"}],"replies":[{"embeddable":true,"href":"https:\/\/protect21.net\/index.php\/wp-json\/wp\/v2\/comments?post=301"}],"version-history":[{"count":6,"href":"https:\/\/protect21.net\/index.php\/wp-json\/wp\/v2\/pages\/301\/revisions"}],"predecessor-version":[{"id":673,"href":"https:\/\/protect21.net\/index.php\/wp-json\/wp\/v2\/pages\/301\/revisions\/673"}],"wp:attachment":[{"href":"https:\/\/protect21.net\/index.php\/wp-json\/wp\/v2\/media?parent=301"}],"curies":[{"name":"wp","href":"https:\/\/api.w.org\/{rel}","templated":true}]}}