{"id":213,"date":"2018-01-17T14:29:16","date_gmt":"2018-01-17T14:29:16","guid":{"rendered":"http:\/\/protect21.net\/index.php\/exibitions\/"},"modified":"2021-02-15T23:04:49","modified_gmt":"2021-02-15T16:04:49","slug":"bancanbiet","status":"publish","type":"page","link":"https:\/\/protect21.net\/index.php\/bancanbiet\/","title":{"rendered":"B\u1ea1n c\u1ea7n bi\u1ebft"},"content":{"rendered":"<p>[vc_row css_animation=&#8221;&#8221; row_type=&#8221;row&#8221; use_row_as_full_screen_section=&#8221;no&#8221; type=&#8221;grid&#8221; angled_section=&#8221;no&#8221; text_align=&#8221;left&#8221; background_image_as_pattern=&#8221;without_pattern&#8221; padding_top=&#8221;200&#8243; padding_bottom=&#8221;153&#8243; z_index=&#8221;&#8221;][vc_column][vc_column_text]<\/p>\n<h1 style=\"text-align: center;\">B\u1ea1n c\u1ea7n bi\u1ebft!<\/h1>\n<p>[\/vc_column_text][\/vc_column][\/vc_row][vc_row css_animation=&#8221;&#8221; row_type=&#8221;row&#8221; use_row_as_full_screen_section=&#8221;no&#8221; type=&#8221;grid&#8221; angled_section=&#8221;no&#8221; text_align=&#8221;left&#8221; background_image_as_pattern=&#8221;without_pattern&#8221; z_index=&#8221;&#8221;][vc_column]<div class='q_masonry_blog'><div class=\"q_masonry_blog_grid_sizer\"><\/div><div class=\"q_masonry_blog_grid_gutter\"><\/div><article  class='post-1 post type-post status-publish format-standard has-post-thumbnail hentry category-digital-footprint tag-digital '><div class=\"q_masonry_blog_post_image\"><a itemprop=\"url\" href=\"https:\/\/protect21.net\/index.php\/2021\/01\/14\/digital-footprint\/\" target=\"_self\"><img decoding=\"async\" itemprop=\"image\" src=\"https:\/\/protect21.net\/wp-content\/uploads\/2021\/01\/What-is-a-digital-footprint.jpg\" \/><\/a><\/div><div class=\"q_masonry_blog_post_text\"><h3 itemprop=\"name\" class=\"q_masonry_blog_title entry_title\"><a itemprop=\"url\" href=\"https:\/\/protect21.net\/index.php\/2021\/01\/14\/digital-footprint\/\">&#8220;V\u1ebft ch\u00e2n s\u1ed1&#8221; l\u00e0 g\u00ec?<\/a><\/h3><p itemprop=\"description\" class=\"q_masonry_blog_excerpt\">\u201cV\u1ebft ch\u00e2n s\u1ed1\u201d hay \u201cD\u1ea5u ch\u00e2n k\u1ef9 thu\u1eadt s\u1ed1\u201d l\u00e0 t\u1eadp h\u1ee3p c\u00e1c d\u1ea5u v\u1ebft d\u1eef li\u1ec7u b\u1ea1n t\u1ea1o ra khi s\u1eed d\u1ee5ng Internet....<\/p><div class=\"q_masonry_blog_post_info\"><span itemprop=\"dateCreated\" class=\"time entry_date updated\">14 January, 2021<meta itemprop=\"interactionCount\" content=\"UserComments: <?php echo get_comments_number(qode_get_page_id()); ?>\"\/><\/span><\/div><\/div><\/article><article  class='post-41 post type-post status-publish format-standard has-post-thumbnail hentry category-digital-footprint tag-digital '><div class=\"q_masonry_blog_post_image\"><a itemprop=\"url\" href=\"https:\/\/protect21.net\/index.php\/2021\/01\/13\/why-should-you-manage\/\" target=\"_self\"><img decoding=\"async\" itemprop=\"image\" src=\"https:\/\/protect21.net\/wp-content\/uploads\/2021\/01\/Why-Should-You-Manage-Your-Digital-Footprint.jpg\" \/><\/a><\/div><div class=\"q_masonry_blog_post_text\"><h3 itemprop=\"name\" class=\"q_masonry_blog_title entry_title\"><a itemprop=\"url\" href=\"https:\/\/protect21.net\/index.php\/2021\/01\/13\/why-should-you-manage\/\">T\u1ea1i sao b\u1ea1n n\u00ean qu\u1ea3n l\u00fd v\u1ebft ch\u00e2n s\u1ed1 c\u1ee7a m\u00ecnh?<\/a><\/h3><p itemprop=\"description\" class=\"q_masonry_blog_excerpt\">V\u1ebft ch\u00e2n s\u1ed1 \u0111ang x\u00e2y d\u1ef1ng h\u00ecnh \u1ea3nh v\u1ec1 b\u1ea1n, ghi nh\u1eadn s\u1edf th\u00edch, th\u00f3i quen c\u1ee7a b\u1ea1n\u2026 nh\u1eefng th\u00f4ng tin \u0111\u00f3 c\u00f3 gi\u00e1 tr\u1ecb th\u01b0\u01a1ng m\u1ea1i, gi\u00e1 tr\u1ecb x\u00e3 h\u1ed9i v\u00e0 n\u00f3 \u0111ang ?...<\/p><div class=\"q_masonry_blog_post_info\"><span itemprop=\"dateCreated\" class=\"time entry_date updated\">13 January, 2021<meta itemprop=\"interactionCount\" content=\"UserComments: <?php echo get_comments_number(qode_get_page_id()); ?>\"\/><\/span><\/div><\/div><\/article><article  class='post-39 post type-post status-publish format-standard has-post-thumbnail hentry category-digital-footprint tag-digital '><div class=\"q_masonry_blog_post_image\"><a itemprop=\"url\" href=\"https:\/\/protect21.net\/index.php\/2021\/01\/12\/manage-your-digital-footprints\/\" target=\"_self\"><img decoding=\"async\" itemprop=\"image\" src=\"https:\/\/protect21.net\/wp-content\/uploads\/2021\/01\/How-you-can-manage-your-digital-footprints.jpg\" \/><\/a><\/div><div class=\"q_masonry_blog_post_text\"><h3 itemprop=\"name\" class=\"q_masonry_blog_title entry_title\"><a itemprop=\"url\" href=\"https:\/\/protect21.net\/index.php\/2021\/01\/12\/manage-your-digital-footprints\/\">L\u00e0m th\u1ebf n\u00e0o b\u1ea1n c\u00f3 th\u1ec3 qu\u1ea3n l\u00fd v\u1ebft ch\u00e2n s\u1ed1 c\u1ee7a m\u00ecnh?<\/a><\/h3><p itemprop=\"description\" class=\"q_masonry_blog_excerpt\">Ch\u00fang ta ph\u1ea3i \u0111\u1ea5u tranh ch\u1ed1ng l\u1ea1i s\u1ee9c \u00ec c\u1ee7a ch\u00ednh m\u00ecnh khi \u0111\u1ed1i m\u1eb7t v\u1edbi nh\u1eefng m\u1eb7c \u0111\u1ecbnh ti\u1ec7n l\u1ee3i \u2013 nh\u1eefng c\u00e1i \u0111ang l\u00e0m x\u00f3i m\u00f2n quy\u1ec1n ri\u00eang t\u01b0 c\u1ee7a ch\u00ednh ...<\/p><div class=\"q_masonry_blog_post_info\"><span itemprop=\"dateCreated\" class=\"time entry_date updated\">12 January, 2021<meta itemprop=\"interactionCount\" content=\"UserComments: <?php echo get_comments_number(qode_get_page_id()); ?>\"\/><\/span><\/div><\/div><\/article><article  class='post-243 post type-post status-publish format-standard has-post-thumbnail hentry category-privacy tag-digital tag-privacy '><div class=\"q_masonry_blog_post_image\"><a itemprop=\"url\" href=\"https:\/\/protect21.net\/index.php\/2021\/01\/11\/privacy-in-the-internet\/\" target=\"_self\"><img decoding=\"async\" itemprop=\"image\" src=\"https:\/\/protect21.net\/wp-content\/uploads\/2021\/01\/4.-Privacy-in-the-Internet.jpg\" \/><\/a><\/div><div class=\"q_masonry_blog_post_text\"><h3 itemprop=\"name\" class=\"q_masonry_blog_title entry_title\"><a itemprop=\"url\" href=\"https:\/\/protect21.net\/index.php\/2021\/01\/11\/privacy-in-the-internet\/\">Quy\u1ec1n ri\u00eang t\u01b0 tr\u00ean Internet<\/a><\/h3><p itemprop=\"description\" class=\"q_masonry_blog_excerpt\">Quy\u1ec1n ri\u00eang t\u01b0 l\u00e0 m\u1ed9t quy\u1ec1n quan tr\u1ecdng v\u00e0 l\u00e0 nh\u00e2n t\u1ed1 thi\u1ebft y\u1ebfu \u0111\u1ed1i v\u1edbi quy\u1ec1n t\u1ef1 ch\u1ee7, ph\u1ea9m gi\u00e1 v\u00e0 quy\u1ec1n t\u1ef1 do ng\u00f4n lu\u1eadn c\u1ee7a m\u1ed9t c\u00e1 nh\u00e2n....<\/p><div class=\"q_masonry_blog_post_info\"><span itemprop=\"dateCreated\" class=\"time entry_date updated\">11 January, 2021<meta itemprop=\"interactionCount\" content=\"UserComments: <?php echo get_comments_number(qode_get_page_id()); ?>\"\/><\/span><\/div><\/div><\/article><article  class='post-35 post type-post status-publish format-standard has-post-thumbnail hentry category-privacy tag-digital tag-privacy '><div class=\"q_masonry_blog_post_image\"><a itemprop=\"url\" href=\"https:\/\/protect21.net\/index.php\/2021\/01\/10\/access-privacy-settings-often\/\" target=\"_self\"><img decoding=\"async\" itemprop=\"image\" src=\"https:\/\/protect21.net\/wp-content\/uploads\/2021\/01\/5.-Dont-forget-to-access-privacy-settings-often.jpg\" \/><\/a><\/div><div class=\"q_masonry_blog_post_text\"><h3 itemprop=\"name\" class=\"q_masonry_blog_title entry_title\"><a itemprop=\"url\" href=\"https:\/\/protect21.net\/index.php\/2021\/01\/10\/access-privacy-settings-often\/\">\u0110\u1eebng qu\u00ean truy c\u1eadp c\u00e0i \u0111\u1eb7t quy\u1ec1n ri\u00eang t\u01b0 th\u01b0\u1eddng xuy\u00ean!<\/a><\/h3><p itemprop=\"description\" class=\"q_masonry_blog_excerpt\">C\u00e0i \u0111\u1eb7t quy\u1ec1n ri\u00eang t\u01b0 l\u00e0 \"m\u1ed9t ph\u1ea7n c\u1ee7a trang web m\u1ea1ng x\u00e3 h\u1ed9i, tr\u00ecnh duy\u1ec7t internet, ph\u1ea7n m\u1ec1m, v.v. cho ph\u00e9p b\u1ea1n ki\u1ec3m so\u00e1t ai xem th\u00f4ng tin v\u1ec1 b\u1ea1n.\"...<\/p><div class=\"q_masonry_blog_post_info\"><span itemprop=\"dateCreated\" class=\"time entry_date updated\">10 January, 2021<meta itemprop=\"interactionCount\" content=\"UserComments: <?php echo get_comments_number(qode_get_page_id()); ?>\"\/><\/span><\/div><\/div><\/article><article  class='post-242 post type-post status-publish format-standard has-post-thumbnail hentry category-privacy tag-digital tag-privacy '><div class=\"q_masonry_blog_post_image\"><a itemprop=\"url\" href=\"https:\/\/protect21.net\/index.php\/2021\/01\/09\/tips-to-help-you-protect-your-privacy\/\" target=\"_self\"><img decoding=\"async\" itemprop=\"image\" src=\"https:\/\/protect21.net\/wp-content\/uploads\/2021\/01\/6.-Tips-to-Help-You-Protect-Your-Privacy.jpg\" \/><\/a><\/div><div class=\"q_masonry_blog_post_text\"><h3 itemprop=\"name\" class=\"q_masonry_blog_title entry_title\"><a itemprop=\"url\" href=\"https:\/\/protect21.net\/index.php\/2021\/01\/09\/tips-to-help-you-protect-your-privacy\/\">12 m\u1eb9o gi\u00fap b\u1ea1n b\u1ea3o v\u1ec7 quy\u1ec1n ri\u00eang t\u01b0 c\u1ee7a m\u00ecnh<\/a><\/h3><p itemprop=\"description\" class=\"q_masonry_blog_excerpt\">M\u1ecdi ng\u01b0\u1eddi c\u00f3 th\u1ec3 cho r\u1eb1ng \u0111\u00f3 l\u00e0 t\u1ea5t c\u1ea3 nh\u1eefng g\u00ec h\u1ecd \u0111ang l\u00e0m tr\u00ean kh\u00f4ng gian tr\u1ef1c tuy\u1ebfn ch\u1ec9 l\u00e0 m\u1ed9t ph\u1ea7n nh\u1ecf trong chu\u1ed7i ho\u1ea1t \u0111\u1ed9ng c\u1ee7a h\u1ecd. Tuy nhi\u00ean, q...<\/p><div class=\"q_masonry_blog_post_info\"><span itemprop=\"dateCreated\" class=\"time entry_date updated\">09 January, 2021<meta itemprop=\"interactionCount\" content=\"UserComments: <?php echo get_comments_number(qode_get_page_id()); ?>\"\/><\/span><\/div><\/div><\/article><article  class='post-29 post type-post status-publish format-standard has-post-thumbnail hentry category-digital-footprint tag-digital '><div class=\"q_masonry_blog_post_image\"><a itemprop=\"url\" href=\"https:\/\/protect21.net\/index.php\/2021\/01\/08\/how-do-we-leave-digital-footprints\/\" target=\"_self\"><img decoding=\"async\" itemprop=\"image\" src=\"https:\/\/protect21.net\/wp-content\/uploads\/2021\/01\/7.-How-Do-We-Leave-Digital-Footprints.jpg\" \/><\/a><\/div><div class=\"q_masonry_blog_post_text\"><h3 itemprop=\"name\" class=\"q_masonry_blog_title entry_title\"><a itemprop=\"url\" href=\"https:\/\/protect21.net\/index.php\/2021\/01\/08\/how-do-we-leave-digital-footprints\/\">B\u1eb1ng c\u00e1ch n\u00e0o ch\u00fang ta \u0111\u00e3 \u0111\u1ec3 l\u1ea1i v\u1ebft ch\u00e2n s\u1ed1?<\/a><\/h3><p itemprop=\"description\" class=\"q_masonry_blog_excerpt\">V\u1ebft ch\u00e2n s\u1ed1 \u0111\u01b0\u1ee3c t\u1ea1o ra theo nhi\u1ec1u c\u00e1ch, v\u00e0 trong b\u00e0i vi\u1ebft gi\u1edbi thi\u1ec7u m\u1ed9t trong s\u1ed1 c\u00e1c t\u00e1c v\u1ee5 tr\u1ef1c tuy\u1ebfn th\u00f4ng d\u1ee5ng nh\u1ea5t....<\/p><div class=\"q_masonry_blog_post_info\"><span itemprop=\"dateCreated\" class=\"time entry_date updated\">08 January, 2021<meta itemprop=\"interactionCount\" content=\"UserComments: <?php echo get_comments_number(qode_get_page_id()); ?>\"\/><\/span><\/div><\/div><\/article><article  class='post-241 post type-post status-publish format-standard has-post-thumbnail hentry category-digital-footprint category-privacy tag-digital '><div class=\"q_masonry_blog_post_image\"><a itemprop=\"url\" href=\"https:\/\/protect21.net\/index.php\/2021\/01\/07\/digital-identity\/\" target=\"_self\"><img decoding=\"async\" itemprop=\"image\" src=\"https:\/\/protect21.net\/wp-content\/uploads\/2021\/01\/8.-Digital-identity.jpg\" \/><\/a><\/div><div class=\"q_masonry_blog_post_text\"><h3 itemprop=\"name\" class=\"q_masonry_blog_title entry_title\"><a itemprop=\"url\" href=\"https:\/\/protect21.net\/index.php\/2021\/01\/07\/digital-identity\/\">Danh t\u00ednh k\u1ef9 thu\u1eadt s\u1ed1<\/a><\/h3><p itemprop=\"description\" class=\"q_masonry_blog_excerpt\">Danh t\u00ednh k\u1ef9 thu\u1eadt s\u1ed1 l\u00e0 th\u00f4ng tin v\u1ec1 m\u1ed9t th\u1ef1c th\u1ec3 \u0111\u01b0\u1ee3c h\u1ec7 th\u1ed1ng m\u00e1y t\u00ednh s\u1eed d\u1ee5ng \u0111\u1ec3 \u0111\u1ea1i di\u1ec7n cho m\u1ed9t t\u00e1c nh\u00e2n b\u00ean ngo\u00e0i. T\u00e1c nh\u00e2n \u0111\u00f3 c\u00f3 th\u1ec3 l\u00e0 m?...<\/p><div class=\"q_masonry_blog_post_info\"><span itemprop=\"dateCreated\" class=\"time entry_date updated\">07 January, 2021<meta itemprop=\"interactionCount\" content=\"UserComments: <?php echo get_comments_number(qode_get_page_id()); ?>\"\/><\/span><\/div><\/div><\/article><article  class='post-19 post type-post status-publish format-standard has-post-thumbnail hentry category-digital-footprint category-privacy tag-cookie '><div class=\"q_masonry_blog_post_image\"><a itemprop=\"url\" href=\"https:\/\/protect21.net\/index.php\/2021\/01\/06\/http-cookie\/\" target=\"_self\"><img decoding=\"async\" itemprop=\"image\" src=\"https:\/\/protect21.net\/wp-content\/uploads\/2021\/01\/9.-HTTP-cookie.jpg\" \/><\/a><\/div><div class=\"q_masonry_blog_post_text\"><h3 itemprop=\"name\" class=\"q_masonry_blog_title entry_title\"><a itemprop=\"url\" href=\"https:\/\/protect21.net\/index.php\/2021\/01\/06\/http-cookie\/\">HTTP cookie<\/a><\/h3><p itemprop=\"description\" class=\"q_masonry_blog_excerpt\">Cookie HTTP l\u00e0 m\u1ed9t ph\u1ea7n d\u1eef li\u1ec7u nh\u1ecf \u0111\u01b0\u1ee3c tr\u00ecnh duy\u1ec7t web l\u01b0u tr\u1eef tr\u00ean m\u00e1y t\u00ednh c\u1ee7a ng\u01b0\u1eddi d\u00f9ng trong khi duy\u1ec7t m\u1ed9t trang web....<\/p><div class=\"q_masonry_blog_post_info\"><span itemprop=\"dateCreated\" class=\"time entry_date updated\">06 January, 2021<meta itemprop=\"interactionCount\" content=\"UserComments: <?php echo get_comments_number(qode_get_page_id()); ?>\"\/><\/span><\/div><\/div><\/article><\/div>[vc_row_inner row_type=&#8221;row&#8221; type=&#8221;full_width&#8221; text_align=&#8221;left&#8221; css_animation=&#8221;&#8221;][vc_column_inner][\/vc_column_inner][\/vc_row_inner][\/vc_column][\/vc_row][vc_row css_animation=&#8221;&#8221; row_type=&#8221;row&#8221; use_row_as_full_screen_section=&#8221;no&#8221; type=&#8221;grid&#8221; angled_section=&#8221;no&#8221; text_align=&#8221;left&#8221; background_image_as_pattern=&#8221;without_pattern&#8221; padding_bottom=&#8221;212&#8243; z_index=&#8221;&#8221; css=&#8221;.vc_custom_1516198985581{background-position: center !important;background-repeat: no-repeat !important;background-size: cover !important;}&#8221;][vc_column css=&#8221;.vc_custom_1516115491641{margin-bottom: -1% !important;}&#8221;][vc_row_inner row_type=&#8221;row&#8221; type=&#8221;full_width&#8221; text_align=&#8221;left&#8221; css_animation=&#8221;&#8221;][vc_column_inner][qode_elements_holder number_of_columns=&#8221;two_columns&#8221;][qode_elements_holder_item advanced_animations=&#8221;no&#8221; item_padding=&#8221;0 18% 0 0&#8243; item_padding_1280_1440=&#8221;0 4% 0 0&#8243; item_padding_1024_1280=&#8221;0 4% 0 0&#8243; item_padding_768_1024=&#8221;16px 4% 0 0&#8243; item_padding_600_768=&#8221;70px 4% 50px 0&#8243; item_padding_480_600=&#8221;30px 6% 30px 0&#8243; item_padding_480=&#8221;30px 6% 30px 0&#8243;][vc_separator type=&#8221;transparent&#8221; up=&#8221;-17&#8243;][vc_column_text]<\/p>\n<h3>LI\u00caN H\u1ec6<\/h3>\n<p>[\/vc_column_text][vc_empty_space height=&#8221;17px&#8221;][vc_column_text]Email BTC<\/p>\n<p>protect21st@gmail.com[\/vc_column_text][vc_empty_space height=&#8221;46px&#8221;][vc_column_text]<strong>K\u1ebeT N\u1ed0I<\/strong>\u00a0Facebook[\/vc_column_text][vc_empty_space height=&#8221;11px&#8221;]<span class='q_social_icon_holder circle_social' data-color=#000000 data-hover-background-color=#000000 data-hover-border-color=#000000 data-hover-color=#ffffff><a itemprop='url' href='https:\/\/www.facebook.com\/Protect21-327694718547926' target='_blank'><span class='fa-stack ' style='background-color: rgba(230, 226, 220, 1);border-color: #000000;border-width: 2px;margin: 0 5px 0 0;font-size: 20px;'><i class=\"qode_icon_font_awesome fa fa-facebook \" style=\"color: #000000;font-size: 25px;\" ><\/i><\/span><\/a><\/span>[\/qode_elements_holder_item][\/qode_elements_holder][\/vc_column_inner][\/vc_row_inner][\/vc_column][\/vc_row]<\/p>\n","protected":false},"excerpt":{"rendered":"<p>[vc_row css_animation=&#8221;&#8221; row_type=&#8221;row&#8221; use_row_as_full_screen_section=&#8221;no&#8221; type=&#8221;grid&#8221; angled_section=&#8221;no&#8221; text_align=&#8221;left&#8221; background_image_as_pattern=&#8221;without_pattern&#8221; padding_top=&#8221;200&#8243; padding_bottom=&#8221;153&#8243; z_index=&#8221;&#8221;][vc_column][vc_column_text] B\u1ea1n c\u1ea7n bi\u1ebft! [\/vc_column_text][\/vc_column][\/vc_row][vc_row css_animation=&#8221;&#8221; row_type=&#8221;row&#8221; use_row_as_full_screen_section=&#8221;no&#8221; type=&#8221;grid&#8221; angled_section=&#8221;no&#8221; text_align=&#8221;left&#8221; background_image_as_pattern=&#8221;without_pattern&#8221; z_index=&#8221;&#8221;][vc_column][vc_row_inner row_type=&#8221;row&#8221; type=&#8221;full_width&#8221; text_align=&#8221;left&#8221; css_animation=&#8221;&#8221;][vc_column_inner][\/vc_column_inner][\/vc_row_inner][\/vc_column][\/vc_row][vc_row css_animation=&#8221;&#8221; row_type=&#8221;row&#8221; use_row_as_full_screen_section=&#8221;no&#8221; type=&#8221;grid&#8221; angled_section=&#8221;no&#8221; text_align=&#8221;left&#8221; background_image_as_pattern=&#8221;without_pattern&#8221; padding_bottom=&#8221;212&#8243; z_index=&#8221;&#8221; css=&#8221;.vc_custom_1516198985581{background-position: center !important;background-repeat: no-repeat !important;background-size: cover !important;}&#8221;][vc_column css=&#8221;.vc_custom_1516115491641{margin-bottom: -1%&#8230;<\/p>\n","protected":false},"author":1,"featured_media":0,"parent":0,"menu_order":0,"comment_status":"closed","ping_status":"closed","template":"full_width.php","meta":{"footnotes":""},"class_list":["post-213","page","type-page","status-publish","hentry"],"yoast_head":"<!-- This site is optimized with the Yoast SEO plugin v15.8 - https:\/\/yoast.com\/wordpress\/plugins\/seo\/ -->\n<title>B\u1ea1n c\u1ea7n bi\u1ebft - protect21.net<\/title>\n<meta name=\"robots\" content=\"index, follow, max-snippet:-1, max-image-preview:large, max-video-preview:-1\" \/>\n<link rel=\"canonical\" href=\"https:\/\/protect21.net\/index.php\/bancanbiet\/\" \/>\n<meta property=\"og:locale\" content=\"vi_VN\" \/>\n<meta property=\"og:type\" content=\"article\" \/>\n<meta property=\"og:title\" content=\"B\u1ea1n c\u1ea7n bi\u1ebft - protect21.net\" \/>\n<meta property=\"og:description\" content=\"[vc_row css_animation=&#8221;&#8221; row_type=&#8221;row&#8221; use_row_as_full_screen_section=&#8221;no&#8221; type=&#8221;grid&#8221; angled_section=&#8221;no&#8221; text_align=&#8221;left&#8221; background_image_as_pattern=&#8221;without_pattern&#8221; padding_top=&#8221;200&#8243; padding_bottom=&#8221;153&#8243; z_index=&#8221;&#8221;][vc_column][vc_column_text] B\u1ea1n c\u1ea7n bi\u1ebft! [\/vc_column_text][\/vc_column][\/vc_row][vc_row css_animation=&#8221;&#8221; row_type=&#8221;row&#8221; use_row_as_full_screen_section=&#8221;no&#8221; type=&#8221;grid&#8221; angled_section=&#8221;no&#8221; text_align=&#8221;left&#8221; background_image_as_pattern=&#8221;without_pattern&#8221; z_index=&#8221;&#8221;][vc_column][vc_row_inner row_type=&#8221;row&#8221; type=&#8221;full_width&#8221; text_align=&#8221;left&#8221; css_animation=&#8221;&#8221;][vc_column_inner][\/vc_column_inner][\/vc_row_inner][\/vc_column][\/vc_row][vc_row css_animation=&#8221;&#8221; row_type=&#8221;row&#8221; use_row_as_full_screen_section=&#8221;no&#8221; type=&#8221;grid&#8221; angled_section=&#8221;no&#8221; text_align=&#8221;left&#8221; background_image_as_pattern=&#8221;without_pattern&#8221; padding_bottom=&#8221;212&#8243; z_index=&#8221;&#8221; css=&#8221;.vc_custom_1516198985581{background-position: center !important;background-repeat: no-repeat !important;background-size: cover !important;}&#8221;][vc_column css=&#8221;.vc_custom_1516115491641{margin-bottom: -1%...\" \/>\n<meta property=\"og:url\" content=\"https:\/\/protect21.net\/index.php\/bancanbiet\/\" \/>\n<meta property=\"og:site_name\" content=\"protect21.net\" \/>\n<meta property=\"article:modified_time\" content=\"2021-02-15T16:04:49+00:00\" \/>\n<meta property=\"og:image\" content=\"https:\/\/protect21.net\/wp-content\/uploads\/2018\/01\/11.e.jpg\" \/>\n\t<meta property=\"og:image:width\" content=\"550\" \/>\n\t<meta property=\"og:image:height\" content=\"550\" \/>\n<meta name=\"twitter:card\" content=\"summary_large_image\" \/>\n<meta name=\"twitter:label1\" content=\"Est. reading time\">\n\t<meta name=\"twitter:data1\" content=\"2 ph\u00fat\">\n<script type=\"application\/ld+json\" class=\"yoast-schema-graph\">{\"@context\":\"https:\/\/schema.org\",\"@graph\":[{\"@type\":\"WebSite\",\"@id\":\"https:\/\/protect21.net\/#website\",\"url\":\"https:\/\/protect21.net\/\",\"name\":\"protect21.net\",\"description\":\"A social project for the 21st Century\",\"potentialAction\":[{\"@type\":\"SearchAction\",\"target\":\"https:\/\/protect21.net\/?s={search_term_string}\",\"query-input\":\"required name=search_term_string\"}],\"inLanguage\":\"vi\"},{\"@type\":\"WebPage\",\"@id\":\"https:\/\/protect21.net\/index.php\/bancanbiet\/#webpage\",\"url\":\"https:\/\/protect21.net\/index.php\/bancanbiet\/\",\"name\":\"B\\u1ea1n c\\u1ea7n bi\\u1ebft - protect21.net\",\"isPartOf\":{\"@id\":\"https:\/\/protect21.net\/#website\"},\"datePublished\":\"2018-01-17T14:29:16+00:00\",\"dateModified\":\"2021-02-15T16:04:49+00:00\",\"breadcrumb\":{\"@id\":\"https:\/\/protect21.net\/index.php\/bancanbiet\/#breadcrumb\"},\"inLanguage\":\"vi\",\"potentialAction\":[{\"@type\":\"ReadAction\",\"target\":[\"https:\/\/protect21.net\/index.php\/bancanbiet\/\"]}]},{\"@type\":\"BreadcrumbList\",\"@id\":\"https:\/\/protect21.net\/index.php\/bancanbiet\/#breadcrumb\",\"itemListElement\":[{\"@type\":\"ListItem\",\"position\":1,\"item\":{\"@type\":\"WebPage\",\"@id\":\"https:\/\/protect21.net\/\",\"url\":\"https:\/\/protect21.net\/\",\"name\":\"Trang ch\\u1ee7\"}},{\"@type\":\"ListItem\",\"position\":2,\"item\":{\"@type\":\"WebPage\",\"@id\":\"https:\/\/protect21.net\/index.php\/bancanbiet\/\",\"url\":\"https:\/\/protect21.net\/index.php\/bancanbiet\/\",\"name\":\"B\\u1ea1n c\\u1ea7n bi\\u1ebft\"}}]}]}<\/script>\n<!-- \/ Yoast SEO plugin. -->","_links":{"self":[{"href":"https:\/\/protect21.net\/index.php\/wp-json\/wp\/v2\/pages\/213","targetHints":{"allow":["GET"]}}],"collection":[{"href":"https:\/\/protect21.net\/index.php\/wp-json\/wp\/v2\/pages"}],"about":[{"href":"https:\/\/protect21.net\/index.php\/wp-json\/wp\/v2\/types\/page"}],"author":[{"embeddable":true,"href":"https:\/\/protect21.net\/index.php\/wp-json\/wp\/v2\/users\/1"}],"replies":[{"embeddable":true,"href":"https:\/\/protect21.net\/index.php\/wp-json\/wp\/v2\/comments?post=213"}],"version-history":[{"count":20,"href":"https:\/\/protect21.net\/index.php\/wp-json\/wp\/v2\/pages\/213\/revisions"}],"predecessor-version":[{"id":615,"href":"https:\/\/protect21.net\/index.php\/wp-json\/wp\/v2\/pages\/213\/revisions\/615"}],"wp:attachment":[{"href":"https:\/\/protect21.net\/index.php\/wp-json\/wp\/v2\/media?parent=213"}],"curies":[{"name":"wp","href":"https:\/\/api.w.org\/{rel}","templated":true}]}}