{"id":2,"date":"2021-01-21T15:56:38","date_gmt":"2021-01-21T15:56:38","guid":{"rendered":"http:\/\/protect21.net\/?page_id=2"},"modified":"2021-02-16T17:20:55","modified_gmt":"2021-02-16T10:20:55","slug":"sample-page","status":"publish","type":"page","link":"https:\/\/protect21.net\/index.php\/sample-page\/","title":{"rendered":"HO\u1ea0T \u0110\u1ed8NG"},"content":{"rendered":"<p>[vc_row css_animation=&#8221;&#8221; row_type=&#8221;row&#8221; use_row_as_full_screen_section=&#8221;no&#8221; type=&#8221;full_width&#8221; angled_section=&#8221;no&#8221; text_align=&#8221;left&#8221; background_image_as_pattern=&#8221;without_pattern&#8221;][vc_column][vc_empty_space height=&#8221;100px&#8221;][vc_row_inner row_type=&#8221;row&#8221; type=&#8221;full_width&#8221; text_align=&#8221;left&#8221; css_animation=&#8221;&#8221;][vc_column_inner][vc_column_text]<\/p>\n<h2 style=\"text-align: center;\">HO\u1ea0T \u0110\u1ed8NG<\/h2>\n<p style=\"text-align: center;\">CH\u00daNG T\u00d4I L\u00c0M NH\u1eeeNG G\u00cc?<\/p>\n<p>&nbsp;<\/p>\n<p>[\/vc_column_text][vc_separator type=&#8221;small&#8221; position=&#8221;center&#8221;][vc_empty_space height=&#8221;45px&#8221;][vc_column_text]<\/p>\n<p><strong>Protect 21<\/strong> l\u00e0 m\u1ed9t d\u1ef1 \u00e1n x\u00e3 h\u1ed9i nh\u1eb1m g\u00f3p ph\u1ea7n gi\u1ea3i quy\u1ebft m\u1ed9t s\u1ed1 v\u1ea5n \u0111\u1ec1 cu\u1ed9c s\u1ed1ng n\u1ed5i b\u1eadt \u0111\u01b0\u1ee3c ghi nh\u1eadn v\u00e0o nh\u1eefng th\u1eadp ni\u00ean \u0111\u1ea7u c\u1ee7a th\u1ebf k\u1ef7 21 \u2013 nh\u1eefng hi\u1ec7n t\u01b0\u1ee3ng \u0111\u01b0\u1ee3c d\u1ef1 \u0111o\u00e1n s\u1ebd c\u00f3 s\u1ee9c \u1ea3nh h\u01b0\u1edfng m\u1ea1nh m\u1ebd v\u00e0o nh\u1eefng th\u1eadp ni\u00ean ti\u1ebfp theo hay to\u00e0n b\u1ed9 th\u1ebf k\u1ef7.<\/p>\n<p>[\/vc_column_text][\/vc_column_inner][\/vc_row_inner][vc_empty_space][vc_separator type=&#8221;small&#8221; position=&#8221;center&#8221;][\/vc_column][\/vc_row][vc_row css_animation=&#8221;&#8221; row_type=&#8221;row&#8221; use_row_as_full_screen_section=&#8221;yes&#8221; type=&#8221;grid&#8221; angled_section=&#8221;no&#8221; text_align=&#8221;left&#8221; background_image_as_pattern=&#8221;without_pattern&#8221; z_index=&#8221;&#8221;][vc_column width=&#8221;1\/2&#8243;][vc_column_text]<\/p>\n<p><em><strong>D\u1ef1 \u00e1n \u0111\u1eb7c bi\u1ec7t ch\u00fa tr\u1ecdng v\u00e0o ba nh\u00f3m v\u1ea5n \u0111\u1ec1 li\u00ean quan \u0111\u1ebfn:<\/strong><\/em><\/p>\n<p>+ Nh\u1eefng nguy c\u01a1 t\u1eeb th\u1ebf gi\u1edbi k\u1ef9 thu\u1eadt s\u1ed1 v\u00e0 c\u00f4ng ngh\u1ec7 m\u1edbi<\/p>\n<p>+ M\u00f4i tr\u01b0\u1eddng \u0111\u00f4 th\u1ecb<\/p>\n<p>+ An to\u00e0n th\u1ef1c ph\u1ea9m<\/p>\n<p>[\/vc_column_text][\/vc_column][vc_column width=&#8221;1\/2&#8243;][vc_column_text]<\/p>\n<p><strong><em>C\u00e1c ho\u1ea1t \u0111\u1ed9ng n\u1ed5i b\u1eadt c\u1ee7a d\u1ef1 \u00e1n bao g\u1ed3m<\/em><\/strong><\/p>\n<p>+ Th\u1ef1c hi\u1ec7n c\u00e1c chi\u1ebfn d\u1ecbch truy\u1ec1n th\u00f4ng ngh\u1ec7 thu\u1eadt<\/p>\n<p>+ T\u1ed5 ch\u1ee9c s\u00e1ng t\u00e1c, tri\u1ec3n l\u00e3m, workshop ngh\u1ec7 thu\u1eadt<\/p>\n<p>+ Ho\u1ea1t \u0111\u1ed9ng truy\u1ec1n th\u00f4ng tr\u1ef1c ti\u1ebfp t\u1ea1i c\u00e1c khu v\u1ef1c c\u00f4ng c\u1ed9ng<\/p>\n<p>+ H\u1ee3p t\u00e1c v\u1edbi c\u00e1c t\u1ed5 ch\u1ee9c kh\u00e1c cho vi\u1ec7c x\u00e2y d\u1ef1ng c\u00e1c ch\u1ee7 \u0111\u1ec1 li\u00ean quan<\/p>\n<p>+ H\u1ee3p t\u00e1c v\u1edbi kh\u1ed1i doanh nghi\u1ec7p \u0111\u1ec3 x\u00e2y d\u1ef1ng m\u1ed9t m\u00f4i tr\u01b0\u1eddng kinh doanh v\u0103n minh v\u00e0 c\u00f3 tr\u00e1ch nhi\u1ec7m v\u1edbi x\u00e3 h\u1ed9i tr\u00ean m\u1ea1ng internet.<\/p>\n<p>[\/vc_column_text][\/vc_column][\/vc_row][vc_row css_animation=&#8221;&#8221; row_type=&#8221;row&#8221; use_row_as_full_screen_section=&#8221;no&#8221; type=&#8221;full_width&#8221; angled_section=&#8221;no&#8221; text_align=&#8221;left&#8221; background_image_as_pattern=&#8221;without_pattern&#8221;][vc_column][vc_empty_space][vc_separator type=&#8221;small&#8221; position=&#8221;center&#8221;][vc_column_text]<\/p>\n<p>Th\u00f4ng qua nh\u1eefng ho\u1ea1t \u0111\u1ed9ng v\u0103n h\u00f3a s\u00e1ng t\u1ea1o c\u1ee7a m\u00ecnh, d\u1ef1 \u00e1n mong mu\u1ed1n g\u00f3p ph\u1ea7n th\u00fac \u0111\u1ea9y nh\u1eefng chuy\u1ec3n bi\u1ebfn v\u1ec1 nh\u1eadn th\u1ee9c, thay \u0111\u1ed5i th\u00f3i quen, truy\u1ec1n c\u1ea3m h\u1ee9ng cho nh\u1eefng h\u00e0nh vi th\u1ef1c h\u00e0nh cu\u1ed9c s\u1ed1ng m\u1edbi t\u1ed1t \u0111\u1eb9p h\u01a1n, b\u1ec1n v\u1eefng h\u01a1n.<\/p>\n<p>&nbsp;<\/p>\n<p>D\u1ef1 \u00e1n ho\u1ea1t \u0111\u1ed9ng \u0111\u1ed3ng th\u1eddi \u1edf khu v\u1ef1c \u0111\u1ecba ph\u01b0\u01a1ng (t\u1ec9nh th\u00e0nh, qu\u1ed1c gia) v\u00e0 khu v\u1ef1c to\u00e0n c\u1ea7u (t\u1ea1i c\u00e1c di\u1ec5n \u0111\u00e0n qu\u1ed1c t\u1ebf) \u2013 v\u1edbi mong mu\u1ed1n c\u00f3 th\u1ec3 mang l\u1ea1i ti\u1ebfng n\u00f3i c\u1ee7a \u0111\u1ecba ph\u01b0\u01a1ng \u0111\u1ebfn v\u1edbi c\u00e1c di\u1ec5n \u0111\u00e0n khu v\u1ef1c v\u00e0 to\u00e0n c\u1ea7u.<\/p>\n<p>[\/vc_column_text][vc_empty_space height=&#8221;100px&#8221;][\/vc_column][\/vc_row]<\/p>\n","protected":false},"excerpt":{"rendered":"<p>[vc_row css_animation=&#8221;&#8221; row_type=&#8221;row&#8221; use_row_as_full_screen_section=&#8221;no&#8221; type=&#8221;full_width&#8221; angled_section=&#8221;no&#8221; text_align=&#8221;left&#8221; background_image_as_pattern=&#8221;without_pattern&#8221;][vc_column][vc_empty_space height=&#8221;100px&#8221;][vc_row_inner row_type=&#8221;row&#8221; type=&#8221;full_width&#8221; text_align=&#8221;left&#8221; css_animation=&#8221;&#8221;][vc_column_inner][vc_column_text] HO\u1ea0T \u0110\u1ed8NG CH\u00daNG T\u00d4I L\u00c0M NH\u1eeeNG G\u00cc? &nbsp; [\/vc_column_text][vc_separator type=&#8221;small&#8221; position=&#8221;center&#8221;][vc_empty_space height=&#8221;45px&#8221;][vc_column_text] Protect 21 l\u00e0 m\u1ed9t d\u1ef1 \u00e1n x\u00e3 h\u1ed9i nh\u1eb1m g\u00f3p ph\u1ea7n gi\u1ea3i quy\u1ebft m\u1ed9t s\u1ed1 v\u1ea5n \u0111\u1ec1 cu\u1ed9c s\u1ed1ng n\u1ed5i&#8230;<\/p>\n","protected":false},"author":1,"featured_media":0,"parent":0,"menu_order":0,"comment_status":"closed","ping_status":"open","template":"","meta":{"footnotes":""},"class_list":["post-2","page","type-page","status-publish","hentry"],"yoast_head":"<!-- This site is optimized with the Yoast SEO plugin v15.8 - https:\/\/yoast.com\/wordpress\/plugins\/seo\/ -->\n<title>HO\u1ea0T \u0110\u1ed8NG - protect21.net<\/title>\n<meta name=\"robots\" content=\"index, follow, max-snippet:-1, max-image-preview:large, max-video-preview:-1\" \/>\n<link rel=\"canonical\" href=\"https:\/\/protect21.net\/index.php\/sample-page\/\" \/>\n<meta property=\"og:locale\" content=\"vi_VN\" \/>\n<meta property=\"og:type\" content=\"article\" \/>\n<meta property=\"og:title\" content=\"HO\u1ea0T \u0110\u1ed8NG - protect21.net\" \/>\n<meta property=\"og:description\" content=\"[vc_row css_animation=&#8221;&#8221; row_type=&#8221;row&#8221; use_row_as_full_screen_section=&#8221;no&#8221; type=&#8221;full_width&#8221; angled_section=&#8221;no&#8221; text_align=&#8221;left&#8221; background_image_as_pattern=&#8221;without_pattern&#8221;][vc_column][vc_empty_space height=&#8221;100px&#8221;][vc_row_inner row_type=&#8221;row&#8221; type=&#8221;full_width&#8221; text_align=&#8221;left&#8221; css_animation=&#8221;&#8221;][vc_column_inner][vc_column_text] HO\u1ea0T \u0110\u1ed8NG CH\u00daNG T\u00d4I L\u00c0M NH\u1eeeNG G\u00cc? &nbsp; [\/vc_column_text][vc_separator type=&#8221;small&#8221; position=&#8221;center&#8221;][vc_empty_space height=&#8221;45px&#8221;][vc_column_text] Protect 21 l\u00e0 m\u1ed9t d\u1ef1 \u00e1n x\u00e3 h\u1ed9i nh\u1eb1m g\u00f3p ph\u1ea7n gi\u1ea3i quy\u1ebft m\u1ed9t s\u1ed1 v\u1ea5n \u0111\u1ec1 cu\u1ed9c s\u1ed1ng n\u1ed5i...\" \/>\n<meta property=\"og:url\" content=\"https:\/\/protect21.net\/index.php\/sample-page\/\" \/>\n<meta property=\"og:site_name\" content=\"protect21.net\" \/>\n<meta property=\"article:modified_time\" content=\"2021-02-16T10:20:55+00:00\" \/>\n<meta property=\"og:image\" content=\"https:\/\/protect21.net\/wp-content\/uploads\/2018\/01\/11.e.jpg\" \/>\n\t<meta property=\"og:image:width\" content=\"550\" \/>\n\t<meta property=\"og:image:height\" content=\"550\" \/>\n<meta name=\"twitter:card\" content=\"summary_large_image\" \/>\n<meta name=\"twitter:label1\" content=\"Est. reading time\">\n\t<meta name=\"twitter:data1\" content=\"3 ph\u00fat\">\n<script type=\"application\/ld+json\" class=\"yoast-schema-graph\">{\"@context\":\"https:\/\/schema.org\",\"@graph\":[{\"@type\":\"WebSite\",\"@id\":\"https:\/\/protect21.net\/#website\",\"url\":\"https:\/\/protect21.net\/\",\"name\":\"protect21.net\",\"description\":\"A social project for the 21st Century\",\"potentialAction\":[{\"@type\":\"SearchAction\",\"target\":\"https:\/\/protect21.net\/?s={search_term_string}\",\"query-input\":\"required name=search_term_string\"}],\"inLanguage\":\"vi\"},{\"@type\":\"WebPage\",\"@id\":\"https:\/\/protect21.net\/index.php\/sample-page\/#webpage\",\"url\":\"https:\/\/protect21.net\/index.php\/sample-page\/\",\"name\":\"HO\\u1ea0T \\u0110\\u1ed8NG - protect21.net\",\"isPartOf\":{\"@id\":\"https:\/\/protect21.net\/#website\"},\"datePublished\":\"2021-01-21T15:56:38+00:00\",\"dateModified\":\"2021-02-16T10:20:55+00:00\",\"breadcrumb\":{\"@id\":\"https:\/\/protect21.net\/index.php\/sample-page\/#breadcrumb\"},\"inLanguage\":\"vi\",\"potentialAction\":[{\"@type\":\"ReadAction\",\"target\":[\"https:\/\/protect21.net\/index.php\/sample-page\/\"]}]},{\"@type\":\"BreadcrumbList\",\"@id\":\"https:\/\/protect21.net\/index.php\/sample-page\/#breadcrumb\",\"itemListElement\":[{\"@type\":\"ListItem\",\"position\":1,\"item\":{\"@type\":\"WebPage\",\"@id\":\"https:\/\/protect21.net\/\",\"url\":\"https:\/\/protect21.net\/\",\"name\":\"Trang ch\\u1ee7\"}},{\"@type\":\"ListItem\",\"position\":2,\"item\":{\"@type\":\"WebPage\",\"@id\":\"https:\/\/protect21.net\/index.php\/sample-page\/\",\"url\":\"https:\/\/protect21.net\/index.php\/sample-page\/\",\"name\":\"HO\\u1ea0T \\u0110\\u1ed8NG\"}}]}]}<\/script>\n<!-- \/ Yoast SEO plugin. -->","_links":{"self":[{"href":"https:\/\/protect21.net\/index.php\/wp-json\/wp\/v2\/pages\/2","targetHints":{"allow":["GET"]}}],"collection":[{"href":"https:\/\/protect21.net\/index.php\/wp-json\/wp\/v2\/pages"}],"about":[{"href":"https:\/\/protect21.net\/index.php\/wp-json\/wp\/v2\/types\/page"}],"author":[{"embeddable":true,"href":"https:\/\/protect21.net\/index.php\/wp-json\/wp\/v2\/users\/1"}],"replies":[{"embeddable":true,"href":"https:\/\/protect21.net\/index.php\/wp-json\/wp\/v2\/comments?post=2"}],"version-history":[{"count":35,"href":"https:\/\/protect21.net\/index.php\/wp-json\/wp\/v2\/pages\/2\/revisions"}],"predecessor-version":[{"id":662,"href":"https:\/\/protect21.net\/index.php\/wp-json\/wp\/v2\/pages\/2\/revisions\/662"}],"wp:attachment":[{"href":"https:\/\/protect21.net\/index.php\/wp-json\/wp\/v2\/media?parent=2"}],"curies":[{"name":"wp","href":"https:\/\/api.w.org\/{rel}","templated":true}]}}